{"id":224,"date":"2025-08-20T12:20:14","date_gmt":"2025-08-20T12:20:14","guid":{"rendered":"https:\/\/coldbet.club\/pl\/?page_id=224"},"modified":"2025-11-07T07:54:35","modified_gmt":"2025-11-07T07:54:35","slug":"app","status":"publish","type":"page","link":"https:\/\/coldbet.club\/pl\/app\/","title":{"rendered":"Aplikacja"},"content":{"rendered":"","protected":false},"excerpt":{"rendered":"","protected":false},"author":1,"featured_media":0,"parent":0,"menu_order":0,"comment_status":"closed","ping_status":"closed","template":"","meta":{"footnotes":""},"class_list":["post-224","page","type-page","status-publish","hentry"],"yoast_head":"<!-- This site is optimized with the Yoast SEO plugin v24.8.1 - https:\/\/yoast.com\/wordpress\/plugins\/seo\/ -->\n<title>Aplikacja Coldbet \u1433 wszystkie zalety mobilno\u015bci<\/title>\n<meta name=\"description\" content=\"Graj i stawiaj zak\u0142ady w podr\u00f3\u017cy dzi\u0119ki aplikacji Coldbet! Dla u\u017cytkownik\u00f3w-bonusy s\u0105 dost\u0119pne na ca\u0142ym \u015bwiecie.\" \/>\n<meta name=\"robots\" content=\"index, follow, max-snippet:-1, max-image-preview:large, max-video-preview:-1\" \/>\n<meta property=\"og:locale\" content=\"pl_PL\" \/>\n<meta property=\"og:type\" content=\"article\" \/>\n<meta property=\"og:title\" content=\"Aplikacja Coldbet \u1433 wszystkie zalety mobilno\u015bci\" \/>\n<meta property=\"og:description\" content=\"Graj i stawiaj zak\u0142ady w podr\u00f3\u017cy dzi\u0119ki aplikacji Coldbet! Dla u\u017cytkownik\u00f3w-bonusy s\u0105 dost\u0119pne na ca\u0142ym \u015bwiecie.\" \/>\n<meta property=\"og:url\" content=\"https:\/\/coldbet.club\/pl\/app\/\" \/>\n<meta property=\"og:site_name\" content=\"Coldbet club pl\" \/>\n<meta property=\"article:modified_time\" content=\"2025-11-07T07:54:35+00:00\" \/>\n<meta name=\"twitter:card\" content=\"summary_large_image\" \/>\n<script type=\"application\/ld+json\" class=\"yoast-schema-graph\">{\"@context\":\"https:\/\/schema.org\",\"@graph\":[{\"@type\":\"WebPage\",\"@id\":\"https:\/\/coldbet.club\/pl\/app\/\",\"url\":\"https:\/\/coldbet.club\/pl\/app\/\",\"name\":\"Aplikacja Coldbet \u1433 wszystkie zalety mobilno\u015bci\",\"isPartOf\":{\"@id\":\"https:\/\/coldbet.club\/pl\/#website\"},\"datePublished\":\"2025-08-20T12:20:14+00:00\",\"dateModified\":\"2025-11-07T07:54:35+00:00\",\"description\":\"Graj i stawiaj zak\u0142ady w podr\u00f3\u017cy dzi\u0119ki aplikacji Coldbet! Dla u\u017cytkownik\u00f3w-bonusy s\u0105 dost\u0119pne na ca\u0142ym \u015bwiecie.\",\"breadcrumb\":{\"@id\":\"https:\/\/coldbet.club\/pl\/app\/#breadcrumb\"},\"inLanguage\":\"pl-PL\",\"potentialAction\":[{\"@type\":\"ReadAction\",\"target\":[\"https:\/\/coldbet.club\/pl\/app\/\"]}]},{\"@type\":\"BreadcrumbList\",\"@id\":\"https:\/\/coldbet.club\/pl\/app\/#breadcrumb\",\"itemListElement\":[{\"@type\":\"ListItem\",\"position\":1,\"name\":\"\u0413\u043b\u0430\u0432\u043d\u0430\u044f \u0441\u0442\u0440\u0430\u043d\u0438\u0446\u0430\",\"item\":\"https:\/\/coldbet.club\/pl\/\"},{\"@type\":\"ListItem\",\"position\":2,\"name\":\"Aplikacja\"}]},{\"@type\":\"WebSite\",\"@id\":\"https:\/\/coldbet.club\/pl\/#website\",\"url\":\"https:\/\/coldbet.club\/pl\/\",\"name\":\"Coldbet club pl\",\"description\":\"My WordPress Blog\",\"potentialAction\":[{\"@type\":\"SearchAction\",\"target\":{\"@type\":\"EntryPoint\",\"urlTemplate\":\"https:\/\/coldbet.club\/pl\/?s={search_term_string}\"},\"query-input\":{\"@type\":\"PropertyValueSpecification\",\"valueRequired\":true,\"valueName\":\"search_term_string\"}}],\"inLanguage\":\"pl-PL\"}]}<\/script>\n<!-- \/ Yoast SEO plugin. -->","yoast_head_json":{"title":"Aplikacja Coldbet \u1433 wszystkie zalety mobilno\u015bci","description":"Graj i stawiaj zak\u0142ady w podr\u00f3\u017cy dzi\u0119ki aplikacji Coldbet! Dla u\u017cytkownik\u00f3w-bonusy s\u0105 dost\u0119pne na ca\u0142ym \u015bwiecie.","robots":{"index":"index","follow":"follow","max-snippet":"max-snippet:-1","max-image-preview":"max-image-preview:large","max-video-preview":"max-video-preview:-1"},"og_locale":"pl_PL","og_type":"article","og_title":"Aplikacja Coldbet \u1433 wszystkie zalety mobilno\u015bci","og_description":"Graj i stawiaj zak\u0142ady w podr\u00f3\u017cy dzi\u0119ki aplikacji Coldbet! Dla u\u017cytkownik\u00f3w-bonusy s\u0105 dost\u0119pne na ca\u0142ym \u015bwiecie.","og_url":"https:\/\/coldbet.club\/pl\/app\/","og_site_name":"Coldbet club pl","article_modified_time":"2025-11-07T07:54:35+00:00","twitter_card":"summary_large_image","schema":{"@context":"https:\/\/schema.org","@graph":[{"@type":"WebPage","@id":"https:\/\/coldbet.club\/pl\/app\/","url":"https:\/\/coldbet.club\/pl\/app\/","name":"Aplikacja Coldbet \u1433 wszystkie zalety mobilno\u015bci","isPartOf":{"@id":"https:\/\/coldbet.club\/pl\/#website"},"datePublished":"2025-08-20T12:20:14+00:00","dateModified":"2025-11-07T07:54:35+00:00","description":"Graj i stawiaj zak\u0142ady w podr\u00f3\u017cy dzi\u0119ki aplikacji Coldbet! Dla u\u017cytkownik\u00f3w-bonusy s\u0105 dost\u0119pne na ca\u0142ym \u015bwiecie.","breadcrumb":{"@id":"https:\/\/coldbet.club\/pl\/app\/#breadcrumb"},"inLanguage":"pl-PL","potentialAction":[{"@type":"ReadAction","target":["https:\/\/coldbet.club\/pl\/app\/"]}]},{"@type":"BreadcrumbList","@id":"https:\/\/coldbet.club\/pl\/app\/#breadcrumb","itemListElement":[{"@type":"ListItem","position":1,"name":"\u0413\u043b\u0430\u0432\u043d\u0430\u044f \u0441\u0442\u0440\u0430\u043d\u0438\u0446\u0430","item":"https:\/\/coldbet.club\/pl\/"},{"@type":"ListItem","position":2,"name":"Aplikacja"}]},{"@type":"WebSite","@id":"https:\/\/coldbet.club\/pl\/#website","url":"https:\/\/coldbet.club\/pl\/","name":"Coldbet club pl","description":"My WordPress Blog","potentialAction":[{"@type":"SearchAction","target":{"@type":"EntryPoint","urlTemplate":"https:\/\/coldbet.club\/pl\/?s={search_term_string}"},"query-input":{"@type":"PropertyValueSpecification","valueRequired":true,"valueName":"search_term_string"}}],"inLanguage":"pl-PL"}]}},"_links":{"self":[{"href":"https:\/\/coldbet.club\/pl\/wp-json\/wp\/v2\/pages\/224","targetHints":{"allow":["GET"]}}],"collection":[{"href":"https:\/\/coldbet.club\/pl\/wp-json\/wp\/v2\/pages"}],"about":[{"href":"https:\/\/coldbet.club\/pl\/wp-json\/wp\/v2\/types\/page"}],"author":[{"embeddable":true,"href":"https:\/\/coldbet.club\/pl\/wp-json\/wp\/v2\/users\/1"}],"replies":[{"embeddable":true,"href":"https:\/\/coldbet.club\/pl\/wp-json\/wp\/v2\/comments?post=224"}],"version-history":[{"count":7,"href":"https:\/\/coldbet.club\/pl\/wp-json\/wp\/v2\/pages\/224\/revisions"}],"predecessor-version":[{"id":250,"href":"https:\/\/coldbet.club\/pl\/wp-json\/wp\/v2\/pages\/224\/revisions\/250"}],"wp:attachment":[{"href":"https:\/\/coldbet.club\/pl\/wp-json\/wp\/v2\/media?parent=224"}],"curies":[{"name":"wp","href":"https:\/\/api.w.org\/{rel}","templated":true}]}}