{"id":200,"date":"2025-05-27T09:03:25","date_gmt":"2025-05-27T09:03:25","guid":{"rendered":"https:\/\/coldbet.club\/pl\/?page_id=200"},"modified":"2025-11-07T09:45:01","modified_gmt":"2025-11-07T09:45:01","slug":"registration","status":"publish","type":"page","link":"https:\/\/coldbet.club\/pl\/registration\/","title":{"rendered":"Rejestracja"},"content":{"rendered":"","protected":false},"excerpt":{"rendered":"","protected":false},"author":1,"featured_media":0,"parent":0,"menu_order":3,"comment_status":"closed","ping_status":"closed","template":"","meta":{"footnotes":""},"class_list":["post-200","page","type-page","status-publish","hentry"],"yoast_head":"<!-- This site is optimized with the Yoast SEO plugin v24.8.1 - https:\/\/yoast.com\/wordpress\/plugins\/seo\/ -->\n<title>Rejestracja w ColdBet &gt; \u0142atwy spos\u00f3b na gr\u0119 w 2025 roku<\/title>\n<meta name=\"description\" content=\"Dowiedz si\u0119, jak szybko zako\u0144czy\u0107 rejestracj\u0119 w ColdBet. Zdob\u0105d\u017a bonus powitalny i zacznij gra\u0107 w Coldbet.\" \/>\n<meta name=\"robots\" content=\"index, follow, max-snippet:-1, max-image-preview:large, max-video-preview:-1\" \/>\n<meta property=\"og:locale\" content=\"pl_PL\" \/>\n<meta property=\"og:type\" content=\"article\" \/>\n<meta property=\"og:title\" content=\"Rejestracja w ColdBet &gt; \u0142atwy spos\u00f3b na gr\u0119 w 2025 roku\" \/>\n<meta property=\"og:description\" content=\"Dowiedz si\u0119, jak szybko zako\u0144czy\u0107 rejestracj\u0119 w ColdBet. Zdob\u0105d\u017a bonus powitalny i zacznij gra\u0107 w Coldbet.\" \/>\n<meta property=\"og:url\" content=\"https:\/\/coldbet.club\/pl\/registration\/\" \/>\n<meta property=\"og:site_name\" content=\"Coldbet club pl\" \/>\n<meta property=\"article:modified_time\" content=\"2025-11-07T09:45:01+00:00\" \/>\n<meta name=\"twitter:card\" content=\"summary_large_image\" \/>\n<script type=\"application\/ld+json\" class=\"yoast-schema-graph\">{\"@context\":\"https:\/\/schema.org\",\"@graph\":[{\"@type\":\"WebPage\",\"@id\":\"https:\/\/coldbet.club\/pl\/registration\/\",\"url\":\"https:\/\/coldbet.club\/pl\/registration\/\",\"name\":\"Rejestracja w ColdBet > \u0142atwy spos\u00f3b na gr\u0119 w 2025 roku\",\"isPartOf\":{\"@id\":\"https:\/\/coldbet.club\/pl\/#website\"},\"datePublished\":\"2025-05-27T09:03:25+00:00\",\"dateModified\":\"2025-11-07T09:45:01+00:00\",\"description\":\"Dowiedz si\u0119, jak szybko zako\u0144czy\u0107 rejestracj\u0119 w ColdBet. Zdob\u0105d\u017a bonus powitalny i zacznij gra\u0107 w Coldbet.\",\"breadcrumb\":{\"@id\":\"https:\/\/coldbet.club\/pl\/registration\/#breadcrumb\"},\"inLanguage\":\"pl-PL\",\"potentialAction\":[{\"@type\":\"ReadAction\",\"target\":[\"https:\/\/coldbet.club\/pl\/registration\/\"]}]},{\"@type\":\"BreadcrumbList\",\"@id\":\"https:\/\/coldbet.club\/pl\/registration\/#breadcrumb\",\"itemListElement\":[{\"@type\":\"ListItem\",\"position\":1,\"name\":\"\u0413\u043b\u0430\u0432\u043d\u0430\u044f \u0441\u0442\u0440\u0430\u043d\u0438\u0446\u0430\",\"item\":\"https:\/\/coldbet.club\/pl\/\"},{\"@type\":\"ListItem\",\"position\":2,\"name\":\"Rejestracja\"}]},{\"@type\":\"WebSite\",\"@id\":\"https:\/\/coldbet.club\/pl\/#website\",\"url\":\"https:\/\/coldbet.club\/pl\/\",\"name\":\"Coldbet club pl\",\"description\":\"My WordPress Blog\",\"potentialAction\":[{\"@type\":\"SearchAction\",\"target\":{\"@type\":\"EntryPoint\",\"urlTemplate\":\"https:\/\/coldbet.club\/pl\/?s={search_term_string}\"},\"query-input\":{\"@type\":\"PropertyValueSpecification\",\"valueRequired\":true,\"valueName\":\"search_term_string\"}}],\"inLanguage\":\"pl-PL\"}]}<\/script>\n<!-- \/ Yoast SEO plugin. -->","yoast_head_json":{"title":"Rejestracja w ColdBet > \u0142atwy spos\u00f3b na gr\u0119 w 2025 roku","description":"Dowiedz si\u0119, jak szybko zako\u0144czy\u0107 rejestracj\u0119 w ColdBet. Zdob\u0105d\u017a bonus powitalny i zacznij gra\u0107 w Coldbet.","robots":{"index":"index","follow":"follow","max-snippet":"max-snippet:-1","max-image-preview":"max-image-preview:large","max-video-preview":"max-video-preview:-1"},"og_locale":"pl_PL","og_type":"article","og_title":"Rejestracja w ColdBet > \u0142atwy spos\u00f3b na gr\u0119 w 2025 roku","og_description":"Dowiedz si\u0119, jak szybko zako\u0144czy\u0107 rejestracj\u0119 w ColdBet. Zdob\u0105d\u017a bonus powitalny i zacznij gra\u0107 w Coldbet.","og_url":"https:\/\/coldbet.club\/pl\/registration\/","og_site_name":"Coldbet club pl","article_modified_time":"2025-11-07T09:45:01+00:00","twitter_card":"summary_large_image","schema":{"@context":"https:\/\/schema.org","@graph":[{"@type":"WebPage","@id":"https:\/\/coldbet.club\/pl\/registration\/","url":"https:\/\/coldbet.club\/pl\/registration\/","name":"Rejestracja w ColdBet > \u0142atwy spos\u00f3b na gr\u0119 w 2025 roku","isPartOf":{"@id":"https:\/\/coldbet.club\/pl\/#website"},"datePublished":"2025-05-27T09:03:25+00:00","dateModified":"2025-11-07T09:45:01+00:00","description":"Dowiedz si\u0119, jak szybko zako\u0144czy\u0107 rejestracj\u0119 w ColdBet. Zdob\u0105d\u017a bonus powitalny i zacznij gra\u0107 w Coldbet.","breadcrumb":{"@id":"https:\/\/coldbet.club\/pl\/registration\/#breadcrumb"},"inLanguage":"pl-PL","potentialAction":[{"@type":"ReadAction","target":["https:\/\/coldbet.club\/pl\/registration\/"]}]},{"@type":"BreadcrumbList","@id":"https:\/\/coldbet.club\/pl\/registration\/#breadcrumb","itemListElement":[{"@type":"ListItem","position":1,"name":"\u0413\u043b\u0430\u0432\u043d\u0430\u044f \u0441\u0442\u0440\u0430\u043d\u0438\u0446\u0430","item":"https:\/\/coldbet.club\/pl\/"},{"@type":"ListItem","position":2,"name":"Rejestracja"}]},{"@type":"WebSite","@id":"https:\/\/coldbet.club\/pl\/#website","url":"https:\/\/coldbet.club\/pl\/","name":"Coldbet club pl","description":"My WordPress Blog","potentialAction":[{"@type":"SearchAction","target":{"@type":"EntryPoint","urlTemplate":"https:\/\/coldbet.club\/pl\/?s={search_term_string}"},"query-input":{"@type":"PropertyValueSpecification","valueRequired":true,"valueName":"search_term_string"}}],"inLanguage":"pl-PL"}]}},"_links":{"self":[{"href":"https:\/\/coldbet.club\/pl\/wp-json\/wp\/v2\/pages\/200","targetHints":{"allow":["GET"]}}],"collection":[{"href":"https:\/\/coldbet.club\/pl\/wp-json\/wp\/v2\/pages"}],"about":[{"href":"https:\/\/coldbet.club\/pl\/wp-json\/wp\/v2\/types\/page"}],"author":[{"embeddable":true,"href":"https:\/\/coldbet.club\/pl\/wp-json\/wp\/v2\/users\/1"}],"replies":[{"embeddable":true,"href":"https:\/\/coldbet.club\/pl\/wp-json\/wp\/v2\/comments?post=200"}],"version-history":[{"count":5,"href":"https:\/\/coldbet.club\/pl\/wp-json\/wp\/v2\/pages\/200\/revisions"}],"predecessor-version":[{"id":265,"href":"https:\/\/coldbet.club\/pl\/wp-json\/wp\/v2\/pages\/200\/revisions\/265"}],"wp:attachment":[{"href":"https:\/\/coldbet.club\/pl\/wp-json\/wp\/v2\/media?parent=200"}],"curies":[{"name":"wp","href":"https:\/\/api.w.org\/{rel}","templated":true}]}}